{"id":2928,"date":"2025-08-13T16:43:22","date_gmt":"2025-08-13T14:43:22","guid":{"rendered":"https:\/\/danskauditinstitut.com\/?page_id=2928"},"modified":"2025-09-24T14:11:27","modified_gmt":"2025-09-24T12:11:27","slug":"klageformular","status":"publish","type":"page","link":"https:\/\/danskauditinstitut.com\/en\/klageformular\/","title":{"rendered":"Complaint form"},"content":{"rendered":"\t\t<div data-elementor-type=\"wp-page\" data-elementor-id=\"2928\" class=\"elementor elementor-2928\" data-elementor-post-type=\"page\">\n\t\t\t\t<div class=\"elementor-element elementor-element-a7da442 e-flex e-con-boxed e-con e-parent\" data-id=\"a7da442\" data-element_type=\"container\" data-e-type=\"container\" data-settings=\"{&quot;background_background&quot;:&quot;classic&quot;}\">\n\t\t\t\t\t<div class=\"e-con-inner\">\n\t\t<div class=\"elementor-element elementor-element-f124725 e-con-full e-flex e-con e-child\" data-id=\"f124725\" data-element_type=\"container\" data-e-type=\"container\">\n\t\t\t\t<div class=\"elementor-element elementor-element-77e019b elementor-widget elementor-widget-heading\" data-id=\"77e019b\" data-element_type=\"widget\" data-e-type=\"widget\" data-widget_type=\"heading.default\">\n\t\t\t\t<div class=\"elementor-widget-container\">\n\t\t\t\t\t<h2 class=\"elementor-heading-title elementor-size-default\">har du behov for at indsende en klage?<\/h2>\t\t\t\t<\/div>\n\t\t\t\t<\/div>\n\t\t\t\t<div class=\"elementor-element elementor-element-dc827be elementor-widget elementor-widget-text-editor\" data-id=\"dc827be\" data-element_type=\"widget\" data-e-type=\"widget\" data-widget_type=\"text-editor.default\">\n\t\t\t\t<div class=\"elementor-widget-container\">\n\t\t\t\t\t\t\t\t\t<p>Denne formular kan anvendes, hvis du \u00f8nsker at indgive en klage til Dansk Audit Institut vedr\u00f8rende vores ydelser, processer, certificeringsforl\u00f8b eller anden relevant aktivitet. Vi beder dig udfylde skemaet s\u00e5 detaljeret som muligt, s\u00e5 vi kan behandle din klage hurtigt og korrekt.<\/p><p>Hvis du er i tvivl om udfyldelsen, er du velkommen til at kontakte os p\u00e5 <a class=\"cursor-pointer\" rel=\"noopener\" data-start=\"594\" data-end=\"624\">contact@danskauditinstitut.com<\/a> eller via din kontaktperson hos Dansk Audit Institut.<\/p>\t\t\t\t\t\t\t\t<\/div>\n\t\t\t\t<\/div>\n\t\t\t\t<\/div>\n\t\t\t\t\t<\/div>\n\t\t\t\t<\/div>\n\t\t<div class=\"elementor-element elementor-element-6af2b0b e-flex e-con-boxed e-con e-parent\" data-id=\"6af2b0b\" data-element_type=\"container\" data-e-type=\"container\">\n\t\t\t\t\t<div class=\"e-con-inner\">\n\t\t\t\t<div class=\"elementor-element elementor-element-1b7cb78 elementor-widget elementor-widget-spacer\" data-id=\"1b7cb78\" data-element_type=\"widget\" data-e-type=\"widget\" data-widget_type=\"spacer.default\">\n\t\t\t\t<div class=\"elementor-widget-container\">\n\t\t\t\t\t\t\t<div class=\"elementor-spacer\">\n\t\t\t<div class=\"elementor-spacer-inner\"><\/div>\n\t\t<\/div>\n\t\t\t\t\t\t<\/div>\n\t\t\t\t<\/div>\n\t\t\t\t<div class=\"elementor-element elementor-element-1f00816 elementor-widget elementor-widget-heading\" data-id=\"1f00816\" data-element_type=\"widget\" data-e-type=\"widget\" data-widget_type=\"heading.default\">\n\t\t\t\t<div class=\"elementor-widget-container\">\n\t\t\t\t\t<h2 class=\"elementor-heading-title elementor-size-default\">Klageformular<\/h2>\t\t\t\t<\/div>\n\t\t\t\t<\/div>\n\t\t\t\t<div class=\"elementor-element elementor-element-f23e2dc elementor-widget elementor-widget-spacer\" data-id=\"f23e2dc\" data-element_type=\"widget\" data-e-type=\"widget\" data-widget_type=\"spacer.default\">\n\t\t\t\t<div class=\"elementor-widget-container\">\n\t\t\t\t\t\t\t<div class=\"elementor-spacer\">\n\t\t\t<div class=\"elementor-spacer-inner\"><\/div>\n\t\t<\/div>\n\t\t\t\t\t\t<\/div>\n\t\t\t\t<\/div>\n\t\t\t\t<div class=\"elementor-element elementor-element-613fe9e elementor-button-align-start elementor-widget elementor-widget-form\" data-id=\"613fe9e\" data-element_type=\"widget\" data-e-type=\"widget\" data-settings=\"{&quot;step_next_label&quot;:&quot;N\\u00e6ste&quot;,&quot;step_previous_label&quot;:&quot;Tidligere&quot;,&quot;button_width&quot;:&quot;100&quot;,&quot;step_type&quot;:&quot;number_text&quot;,&quot;step_icon_shape&quot;:&quot;circle&quot;}\" data-widget_type=\"form.default\">\n\t\t\t\t<div class=\"elementor-widget-container\">\n\t\t\t\t\t\t\t<form class=\"elementor-form\" method=\"post\" name=\"oplysningsform\" aria-label=\"oplysningsform\">\n\t\t\t<input type=\"hidden\" name=\"post_id\" value=\"2928\"\/>\n\t\t\t<input type=\"hidden\" name=\"form_id\" value=\"613fe9e\"\/>\n\t\t\t<input type=\"hidden\" name=\"referer_title\" value=\"Klageformular - Dansk Audit Institut\" \/>\n\n\t\t\t\t\t\t\t<input type=\"hidden\" name=\"queried_id\" value=\"2928\"\/>\n\t\t\t\n\t\t\t<div class=\"elementor-form-fields-wrapper elementor-labels-above\">\n\t\t\t\t\t\t\t\t<div class=\"elementor-field-type-text elementor-field-group elementor-column elementor-field-group-name elementor-col-100 elementor-field-required elementor-mark-required\">\n\t\t\t\t\t\t\t\t\t\t\t\t<label for=\"form-field-name\" class=\"elementor-field-label\">\n\t\t\t\t\t\t\t\tNavn\t\t\t\t\t\t\t<\/label>\n\t\t\t\t\t\t\t\t\t\t\t\t\t\t<input size=\"1\" type=\"text\" name=\"form_fields[name]\" id=\"form-field-name\" class=\"elementor-field elementor-size-sm  elementor-field-textual\" placeholder=\"Navn p\u00e5 den der indgiver klagen\" required=\"required\">\n\t\t\t\t\t\t\t\t\t\t\t<\/div>\n\t\t\t\t\t\t\t\t<div class=\"elementor-field-type-text elementor-field-group elementor-column elementor-field-group-field_259b0e7 elementor-col-100 elementor-field-required elementor-mark-required\">\n\t\t\t\t\t\t\t\t\t\t\t\t<label for=\"form-field-field_259b0e7\" class=\"elementor-field-label\">\n\t\t\t\t\t\t\t\tFirmanavn\t\t\t\t\t\t\t<\/label>\n\t\t\t\t\t\t\t\t\t\t\t\t\t\t<input size=\"1\" type=\"text\" name=\"form_fields[field_259b0e7]\" id=\"form-field-field_259b0e7\" class=\"elementor-field elementor-size-sm  elementor-field-textual\" placeholder=\"Hvad er firmanavnet?\" required=\"required\">\n\t\t\t\t\t\t\t\t\t\t\t<\/div>\n\t\t\t\t\t\t\t\t<div class=\"elementor-field-type-email elementor-field-group elementor-column elementor-field-group-email elementor-col-50 elementor-field-required elementor-mark-required\">\n\t\t\t\t\t\t\t\t\t\t\t\t<label for=\"form-field-email\" class=\"elementor-field-label\">\n\t\t\t\t\t\t\t\tEmail\t\t\t\t\t\t\t<\/label>\n\t\t\t\t\t\t\t\t\t\t\t\t\t\t<input size=\"1\" type=\"email\" name=\"form_fields[email]\" id=\"form-field-email\" class=\"elementor-field elementor-size-sm  elementor-field-textual\" placeholder=\"Din email\" required=\"required\">\n\t\t\t\t\t\t\t\t\t\t\t<\/div>\n\t\t\t\t\t\t\t\t<div class=\"elementor-field-type-tel elementor-field-group elementor-column elementor-field-group-field_de5facd elementor-col-50 elementor-field-required elementor-mark-required\">\n\t\t\t\t\t\t\t\t\t\t\t\t<label for=\"form-field-field_de5facd\" class=\"elementor-field-label\">\n\t\t\t\t\t\t\t\tTelefon\t\t\t\t\t\t\t<\/label>\n\t\t\t\t\t\t\t\t<input size=\"1\" type=\"tel\" name=\"form_fields[field_de5facd]\" id=\"form-field-field_de5facd\" class=\"elementor-field elementor-size-sm  elementor-field-textual\" placeholder=\"Dit nummer\" required=\"required\" pattern=\"[0-9()#&amp;+*-=.]+\" title=\"Kun tal og telefonkarakterer (#,-,*, o.s.v.) accepteres.\">\n\n\t\t\t\t\t\t<\/div>\n\t\t\t\t\t\t\t\t<div class=\"elementor-field-type-date elementor-field-group elementor-column elementor-field-group-field_a3b0894 elementor-col-25 elementor-field-required elementor-mark-required\">\n\t\t\t\t\t\t\t\t\t\t\t\t<label for=\"form-field-field_a3b0894\" class=\"elementor-field-label\">\n\t\t\t\t\t\t\t\tDato for h\u00e6ndelsen eller forholdet klagen vedr\u00f8rer\t\t\t\t\t\t\t<\/label>\n\t\t\t\t\t\t\n\t\t<input type=\"date\" name=\"form_fields[field_a3b0894]\" id=\"form-field-field_a3b0894\" class=\"elementor-field elementor-size-sm  elementor-field-textual elementor-date-field\" placeholder=\"dd-mm-\u00e5\u00e5\u00e5\u00e5\" required=\"required\" pattern=\"[0-9]{4}-[0-9]{2}-[0-9]{2}\">\n\t\t\t\t\t\t<\/div>\n\t\t\t\t\t\t\t\t<div class=\"elementor-field-type-textarea elementor-field-group elementor-column elementor-field-group-message elementor-col-100 elementor-field-required elementor-mark-required\">\n\t\t\t\t\t\t\t\t\t\t\t\t<label for=\"form-field-message\" class=\"elementor-field-label\">\n\t\t\t\t\t\t\t\tBeskrivelse af klagen\t\t\t\t\t\t\t<\/label>\n\t\t\t\t\t\t<textarea class=\"elementor-field-textual elementor-field  elementor-size-sm\" name=\"form_fields[message]\" id=\"form-field-message\" rows=\"3\" placeholder=\"Tilf\u00f8j beskrivelse\" required=\"required\"><\/textarea>\t\t\t\t<\/div>\n\t\t\t\t\t\t\t\t<div class=\"elementor-field-type-upload elementor-field-group elementor-column elementor-field-group-field_3a7420d elementor-col-100\">\n\t\t\t\t\t\t\t\t\t\t\t\t<label for=\"form-field-field_3a7420d\" class=\"elementor-field-label\">\n\t\t\t\t\t\t\t\tVedh\u00e6ft dokumentation vedr\u00f8rende klagen\t\t\t\t\t\t\t<\/label>\n\t\t\t\t\t\t\t\t<input type=\"file\" name=\"form_fields[field_3a7420d]\" id=\"form-field-field_3a7420d\" class=\"elementor-field elementor-size-sm  elementor-upload-field\">\n\n\t\t\t\t\t\t<\/div>\n\t\t\t\t\t\t\t\t<div class=\"elementor-field-type-text elementor-field-group elementor-column elementor-field-group-field_2838126 elementor-col-100\">\n\t\t\t\t\t\t\t\t\t\t\t\t<label for=\"form-field-field_2838126\" class=\"elementor-field-label\">\n\t\t\t\t\t\t\t\tEventuel \u00f8nsket l\u00f8sning eller udbedring\t\t\t\t\t\t\t<\/label>\n\t\t\t\t\t\t\t\t\t\t\t\t\t\t<input size=\"1\" type=\"text\" name=\"form_fields[field_2838126]\" id=\"form-field-field_2838126\" class=\"elementor-field elementor-size-sm  elementor-field-textual\" placeholder=\"Tilf\u00f8j beskrivelse\">\n\t\t\t\t\t\t\t\t\t\t\t<\/div>\n\t\t\t\t\t\t\t\t<div class=\"elementor-field-type-radio elementor-field-group elementor-column elementor-field-group-field_6616955 elementor-col-25 elementor-field-required elementor-mark-required\">\n\t\t\t\t\t\t\t\t\t\t\t\t<label for=\"form-field-field_6616955\" class=\"elementor-field-label\">\n\t\t\t\t\t\t\t\tHar du tidligere henvendt dig om denne sag?\t\t\t\t\t\t\t<\/label>\n\t\t\t\t\t\t<div class=\"elementor-field-subgroup  elementor-subgroup-inline\"><span class=\"elementor-field-option\"><input type=\"radio\" value=\"Ja\" id=\"form-field-field_6616955-0\" name=\"form_fields[field_6616955]\" required=\"required\"> <label for=\"form-field-field_6616955-0\">Ja<\/label><\/span><span class=\"elementor-field-option\"><input type=\"radio\" value=\"Nej\" id=\"form-field-field_6616955-1\" name=\"form_fields[field_6616955]\" required=\"required\"> <label for=\"form-field-field_6616955-1\">Nej<\/label><\/span><\/div>\t\t\t\t<\/div>\n\t\t\t\t\t\t\t\t<div class=\"elementor-field-type-text elementor-field-group elementor-column elementor-field-group-field_f580bf1 elementor-col-75\">\n\t\t\t\t\t\t\t\t\t\t\t\t<label for=\"form-field-field_f580bf1\" class=\"elementor-field-label\">\n\t\t\t\t\t\t\t\tHvis ja, beskriv venligst tidligere dialog\t\t\t\t\t\t\t<\/label>\n\t\t\t\t\t\t\t\t\t\t\t\t\t\t<input size=\"1\" type=\"text\" name=\"form_fields[field_f580bf1]\" id=\"form-field-field_f580bf1\" class=\"elementor-field elementor-size-sm  elementor-field-textual\">\n\t\t\t\t\t\t\t\t\t\t\t<\/div>\n\t\t\t\t\t\t\t\t<div class=\"elementor-field-type-html elementor-field-group elementor-column elementor-field-group-field_c0b22c3 elementor-col-100\">\n\t\t\t\t\tVed at indsende denne klage giver du samtykke til, at Dansk Audit Institut m\u00e5 gemme og behandle de oplysninger, du har indsendt, med henblik p\u00e5 at kunne h\u00e5ndtere din klage. <br>\nVi behandler dine oplysninger fortroligt og anvender dem kun til sagsbehandling i relation til denne klage.\t\t\t\t<\/div>\n\t\t\t\t\t\t\t\t<div class=\"elementor-field-group elementor-column elementor-field-type-submit elementor-col-100 e-form__buttons\">\n\t\t\t\t\t<button class=\"elementor-button elementor-size-sm\" type=\"submit\" id=\"opl123\">\n\t\t\t\t\t\t<span class=\"elementor-button-content-wrapper\">\n\t\t\t\t\t\t\t\t\t\t\t\t\t\t\t<span class=\"elementor-button-icon\">\n\t\t\t\t\t\t\t\t\t<i aria-hidden=\"true\" class=\"far fa-arrow-right\"><\/i>\t\t\t\t\t\t\t\t\t\t\t\t\t\t\t\t\t<\/span>\n\t\t\t\t\t\t\t\t\t\t\t\t\t\t\t\t\t\t\t\t\t\t<span class=\"elementor-button-text\">Send klage<\/span>\n\t\t\t\t\t\t\t\t\t\t\t\t\t<\/span>\n\t\t\t\t\t<\/button>\n\t\t\t\t<\/div>\n\t\t\t<\/div>\n\t\t<input\n                    class=\"apbct_special_field apbct_email_id__elementor_form\"\n                    name=\"apbct__email_id__elementor_form\"\n                    aria-label=\"apbct__label_id__elementor_form\"\n                    type=\"text\" size=\"30\" maxlength=\"200\" autocomplete=\"off\"\n                    value=\"\"\n                \/><\/form>\n\t\t\t\t\t\t<\/div>\n\t\t\t\t<\/div>\n\t\t\t\t<div class=\"elementor-element elementor-element-555a122 elementor-widget elementor-widget-spacer\" data-id=\"555a122\" data-element_type=\"widget\" data-e-type=\"widget\" data-widget_type=\"spacer.default\">\n\t\t\t\t<div class=\"elementor-widget-container\">\n\t\t\t\t\t\t\t<div class=\"elementor-spacer\">\n\t\t\t<div class=\"elementor-spacer-inner\"><\/div>\n\t\t<\/div>\n\t\t\t\t\t\t<\/div>\n\t\t\t\t<\/div>\n\t\t\t\t\t<\/div>\n\t\t\t\t<\/div>\n\t\t\t\t<\/div>\n\t\t","protected":false},"excerpt":{"rendered":"<p>har du behov for at indsende en klage? Denne formular kan anvendes, hvis du \u00f8nsker at indgive en klage til Dansk Audit Institut vedr\u00f8rende vores ydelser, processer, certificeringsforl\u00f8b eller anden relevant aktivitet. Vi beder dig udfylde skemaet s\u00e5 detaljeret som muligt, s\u00e5 vi kan behandle din klage hurtigt og korrekt. Hvis du er i tvivl [&hellip;]<\/p>\n","protected":false},"author":5,"featured_media":0,"parent":0,"menu_order":0,"comment_status":"closed","ping_status":"closed","template":"","meta":{"footnotes":""},"class_list":["post-2928","page","type-page","status-publish","hentry"],"yoast_head":"<!-- This site is optimized with the Yoast SEO Premium plugin v25.0 (Yoast SEO v27.4) - https:\/\/yoast.com\/product\/yoast-seo-premium-wordpress\/ -->\n<title>Klageformular - Dansk Audit Institut<\/title>\n<meta name=\"robots\" content=\"noindex, follow, max-snippet:-1, max-image-preview:large, max-video-preview:-1\" \/>\n<meta property=\"og:locale\" content=\"en_GB\" \/>\n<meta property=\"og:type\" content=\"article\" \/>\n<meta property=\"og:title\" content=\"Klageformular\" \/>\n<meta property=\"og:description\" content=\"har du behov for at indsende en klage? Denne formular kan anvendes, hvis du \u00f8nsker at indgive en klage til Dansk Audit Institut vedr\u00f8rende vores ydelser, processer, certificeringsforl\u00f8b eller anden relevant aktivitet. Vi beder dig udfylde skemaet s\u00e5 detaljeret som muligt, s\u00e5 vi kan behandle din klage hurtigt og korrekt. Hvis du er i tvivl [&hellip;]\" \/>\n<meta property=\"og:url\" content=\"https:\/\/danskauditinstitut.com\/en\/klageformular\/\" \/>\n<meta property=\"og:site_name\" content=\"Dansk Audit Institut\" \/>\n<meta property=\"article:modified_time\" content=\"2025-09-24T12:11:27+00:00\" \/>\n<meta property=\"og:image\" content=\"https:\/\/danskauditinstitut.com\/wp-content\/uploads\/DANSK-AUDIT-INSTITUT-Logo-2.png\" \/>\n\t<meta property=\"og:image:width\" content=\"1024\" \/>\n\t<meta property=\"og:image:height\" content=\"1024\" \/>\n\t<meta property=\"og:image:type\" content=\"image\/png\" \/>\n<meta name=\"twitter:card\" content=\"summary_large_image\" \/>\n<meta name=\"twitter:label1\" content=\"Estimated reading time\" \/>\n\t<meta name=\"twitter:data1\" content=\"1 minute\" \/>\n<script type=\"application\/ld+json\" class=\"yoast-schema-graph\">{\"@context\":\"https:\\\/\\\/schema.org\",\"@graph\":[{\"@type\":\"WebPage\",\"@id\":\"https:\\\/\\\/danskauditinstitut.com\\\/klageformular\\\/\",\"url\":\"https:\\\/\\\/danskauditinstitut.com\\\/klageformular\\\/\",\"name\":\"Klageformular - Dansk Audit Institut\",\"isPartOf\":{\"@id\":\"https:\\\/\\\/danskauditinstitut.com\\\/#website\"},\"datePublished\":\"2025-08-13T14:43:22+00:00\",\"dateModified\":\"2025-09-24T12:11:27+00:00\",\"breadcrumb\":{\"@id\":\"https:\\\/\\\/danskauditinstitut.com\\\/klageformular\\\/#breadcrumb\"},\"inLanguage\":\"en-GB\",\"potentialAction\":[{\"@type\":\"ReadAction\",\"target\":[\"https:\\\/\\\/danskauditinstitut.com\\\/klageformular\\\/\"]}]},{\"@type\":\"BreadcrumbList\",\"@id\":\"https:\\\/\\\/danskauditinstitut.com\\\/klageformular\\\/#breadcrumb\",\"itemListElement\":[{\"@type\":\"ListItem\",\"position\":1,\"name\":\"Forside\",\"item\":\"https:\\\/\\\/danskauditinstitut.com\\\/\"},{\"@type\":\"ListItem\",\"position\":2,\"name\":\"Klageformular\"}]},{\"@type\":\"WebSite\",\"@id\":\"https:\\\/\\\/danskauditinstitut.com\\\/#website\",\"url\":\"https:\\\/\\\/danskauditinstitut.com\\\/\",\"name\":\"Dansk Audit Institut\",\"description\":\"- Danske auditorer\",\"publisher\":{\"@id\":\"https:\\\/\\\/danskauditinstitut.com\\\/#organization\"},\"potentialAction\":[{\"@type\":\"SearchAction\",\"target\":{\"@type\":\"EntryPoint\",\"urlTemplate\":\"https:\\\/\\\/danskauditinstitut.com\\\/?s={search_term_string}\"},\"query-input\":{\"@type\":\"PropertyValueSpecification\",\"valueRequired\":true,\"valueName\":\"search_term_string\"}}],\"inLanguage\":\"en-GB\"},{\"@type\":\"Organization\",\"@id\":\"https:\\\/\\\/danskauditinstitut.com\\\/#organization\",\"name\":\"Dansk Audit Institut\",\"url\":\"https:\\\/\\\/danskauditinstitut.com\\\/\",\"logo\":{\"@type\":\"ImageObject\",\"inLanguage\":\"en-GB\",\"@id\":\"https:\\\/\\\/danskauditinstitut.com\\\/#\\\/schema\\\/logo\\\/image\\\/\",\"url\":\"https:\\\/\\\/danskauditinstitut.com\\\/wp-content\\\/uploads\\\/DANSK-AUDIT-INSTITUT-Logo.png\",\"contentUrl\":\"https:\\\/\\\/danskauditinstitut.com\\\/wp-content\\\/uploads\\\/DANSK-AUDIT-INSTITUT-Logo.png\",\"width\":1024,\"height\":1024,\"caption\":\"Dansk Audit Institut\"},\"image\":{\"@id\":\"https:\\\/\\\/danskauditinstitut.com\\\/#\\\/schema\\\/logo\\\/image\\\/\"},\"sameAs\":[\"https:\\\/\\\/www.linkedin.com\\\/company\\\/leave-a-mark-consulting-group-aps\\\/?viewAsMember=true\"]}]}<\/script>\n<!-- \/ Yoast SEO Premium plugin. -->","yoast_head_json":{"title":"Klageformular - Dansk Audit Institut","robots":{"index":"noindex","follow":"follow","max-snippet":"max-snippet:-1","max-image-preview":"max-image-preview:large","max-video-preview":"max-video-preview:-1"},"og_locale":"en_GB","og_type":"article","og_title":"Klageformular","og_description":"har du behov for at indsende en klage? Denne formular kan anvendes, hvis du \u00f8nsker at indgive en klage til Dansk Audit Institut vedr\u00f8rende vores ydelser, processer, certificeringsforl\u00f8b eller anden relevant aktivitet. Vi beder dig udfylde skemaet s\u00e5 detaljeret som muligt, s\u00e5 vi kan behandle din klage hurtigt og korrekt. Hvis du er i tvivl [&hellip;]","og_url":"https:\/\/danskauditinstitut.com\/en\/klageformular\/","og_site_name":"Dansk Audit Institut","article_modified_time":"2025-09-24T12:11:27+00:00","og_image":[{"width":1024,"height":1024,"url":"https:\/\/danskauditinstitut.com\/wp-content\/uploads\/DANSK-AUDIT-INSTITUT-Logo-2.png","type":"image\/png"}],"twitter_card":"summary_large_image","twitter_misc":{"Estimated reading time":"1 minute"},"schema":{"@context":"https:\/\/schema.org","@graph":[{"@type":"WebPage","@id":"https:\/\/danskauditinstitut.com\/klageformular\/","url":"https:\/\/danskauditinstitut.com\/klageformular\/","name":"Klageformular - Dansk Audit Institut","isPartOf":{"@id":"https:\/\/danskauditinstitut.com\/#website"},"datePublished":"2025-08-13T14:43:22+00:00","dateModified":"2025-09-24T12:11:27+00:00","breadcrumb":{"@id":"https:\/\/danskauditinstitut.com\/klageformular\/#breadcrumb"},"inLanguage":"en-GB","potentialAction":[{"@type":"ReadAction","target":["https:\/\/danskauditinstitut.com\/klageformular\/"]}]},{"@type":"BreadcrumbList","@id":"https:\/\/danskauditinstitut.com\/klageformular\/#breadcrumb","itemListElement":[{"@type":"ListItem","position":1,"name":"Forside","item":"https:\/\/danskauditinstitut.com\/"},{"@type":"ListItem","position":2,"name":"Klageformular"}]},{"@type":"WebSite","@id":"https:\/\/danskauditinstitut.com\/#website","url":"https:\/\/danskauditinstitut.com\/","name":"Dansk Audit Institut","description":"- Danske auditorer","publisher":{"@id":"https:\/\/danskauditinstitut.com\/#organization"},"potentialAction":[{"@type":"SearchAction","target":{"@type":"EntryPoint","urlTemplate":"https:\/\/danskauditinstitut.com\/?s={search_term_string}"},"query-input":{"@type":"PropertyValueSpecification","valueRequired":true,"valueName":"search_term_string"}}],"inLanguage":"en-GB"},{"@type":"Organization","@id":"https:\/\/danskauditinstitut.com\/#organization","name":"Dansk Audit Institut","url":"https:\/\/danskauditinstitut.com\/","logo":{"@type":"ImageObject","inLanguage":"en-GB","@id":"https:\/\/danskauditinstitut.com\/#\/schema\/logo\/image\/","url":"https:\/\/danskauditinstitut.com\/wp-content\/uploads\/DANSK-AUDIT-INSTITUT-Logo.png","contentUrl":"https:\/\/danskauditinstitut.com\/wp-content\/uploads\/DANSK-AUDIT-INSTITUT-Logo.png","width":1024,"height":1024,"caption":"Dansk Audit Institut"},"image":{"@id":"https:\/\/danskauditinstitut.com\/#\/schema\/logo\/image\/"},"sameAs":["https:\/\/www.linkedin.com\/company\/leave-a-mark-consulting-group-aps\/?viewAsMember=true"]}]}},"_links":{"self":[{"href":"https:\/\/danskauditinstitut.com\/en\/wp-json\/wp\/v2\/pages\/2928","targetHints":{"allow":["GET"]}}],"collection":[{"href":"https:\/\/danskauditinstitut.com\/en\/wp-json\/wp\/v2\/pages"}],"about":[{"href":"https:\/\/danskauditinstitut.com\/en\/wp-json\/wp\/v2\/types\/page"}],"author":[{"embeddable":true,"href":"https:\/\/danskauditinstitut.com\/en\/wp-json\/wp\/v2\/users\/5"}],"replies":[{"embeddable":true,"href":"https:\/\/danskauditinstitut.com\/en\/wp-json\/wp\/v2\/comments?post=2928"}],"version-history":[{"count":0,"href":"https:\/\/danskauditinstitut.com\/en\/wp-json\/wp\/v2\/pages\/2928\/revisions"}],"wp:attachment":[{"href":"https:\/\/danskauditinstitut.com\/en\/wp-json\/wp\/v2\/media?parent=2928"}],"curies":[{"name":"wp","href":"https:\/\/api.w.org\/{rel}","templated":true}]}}